{"id":551,"date":"2018-11-01T20:33:31","date_gmt":"2018-11-01T19:33:31","guid":{"rendered":"http:\/\/jwz-slam.de\/wordpress\/?page_id=551"},"modified":"2018-11-01T20:37:54","modified_gmt":"2018-11-01T19:37:54","slug":"ausgabe-8-3-juli-2018","status":"publish","type":"page","link":"https:\/\/jwz-slam.de\/wordpress\/ausgabe-8-3-juli-2018\/","title":{"rendered":"Ausgabe 8 &#8211; 3. Juli 2018"},"content":{"rendered":"<h6>Ausgabe 8 \u2013 3. Juli 2018<br \/>\nOpen Air Ausgabe im Sommergarten \u2022 Wei\u00dfer Hirsch \u2022 72 Zuschauer \u2022 Moderator: Lucas Schemenz <\/p>\n<h6>\n<a href=\"https:\/\/jwz-slam.de\/wordpress\/die-shows-in-der-uebersicht\/\">Zu den Ergebnissen anderer Shows<\/a><\/p>\n<hr \/>\n<h4>Gruppe A<\/h4>\n<div class=\"showVotings\">\n<div class=\"showImage\"><img decoding=\"async\" style=\"width: 125px; height: 125px;\" src=\"http:\/\/jwz-slam.de\/live\/view\/images\/poets\/1InkeSommerlang.png\" \/><\/div>\n<div class=\"showResult\">\n<div class=\"progress-bar orange stripes\"><span style=\"width: calc(84.706% - 12px)\">Inke Sommerlang <\/span><\/div>\n<div class=\"endVote\">8.47<\/div>\n<div class=\"quali\">qualifiziert f\u00fcrs Finale<\/div>\n<\/div>\n<\/div>\n<div class=\"showVotings\">\n<div class=\"showImage\"><img decoding=\"async\" style=\"width: 125px; height: 125px;\" src=\"http:\/\/jwz-slam.de\/live\/view\/images\/poets\/2DiegoHagen.png\" \/><\/div>\n<div class=\"showResult\">\n<div class=\"progress-bar orange stripes\"><span style=\"width: calc(79.706% - 12px)\">Diego Hagen <\/span><\/div>\n<div class=\"endVote\">7.97<\/div>\n<div class=\"quali\">qualifiziert f\u00fcrs Finale<\/div>\n<\/div>\n<\/div>\n<div class=\"showVotings\">\n<div class=\"showImage\"><img decoding=\"async\" style=\"width: 125px; height: 125px;\" src=\"http:\/\/jwz-slam.de\/live\/view\/images\/poets\/3JustonBusse.png\" \/><\/div>\n<div class=\"showResult\">\n<div class=\"progress-bar blue stripes\"><span style=\"width: calc(65.882% - 12px)\"class=\"white\">Juston Bu\u00dfe <\/span><\/div>\n<div class=\"endVote\">6.59<\/div>\n<div class=\"quali\">qualifiziert f\u00fcrs Finale<\/div>\n<\/div>\n<\/div>\n<p>&nbsp;<\/p>\n<h4>Gruppe B<\/h4>\n<div class=\"showVotings\">\n<div class=\"showImage\"><img decoding=\"async\" style=\"width: 125px; height: 125px;\" src=\"http:\/\/jwz-slam.de\/live\/view\/images\/poets\/5Wortwin%20undSlamson.png\" \/><\/div>\n<div class=\"showResult\">\n<div class=\"progress-bar orange stripes\"><span style=\"width: calc(93.333% - 12px)\">Wortwin &#038; Slamson <\/span><\/div>\n<div class=\"endVote\">9.33<\/div>\n<div class=\"quali\">qualifiziert f\u00fcrs Finale<\/div>\n<div class=\"quali3\">Top Score<\/div>\n<\/div>\n<\/div>\n<div class=\"showVotings\">\n<div class=\"showImage\"><img decoding=\"async\" style=\"width: 125px; height: 125px;\" src=\"http:\/\/jwz-slam.de\/live\/view\/images\/poets\/4TillToelpel.png\" \/><\/div>\n<div class=\"showResult\">\n<div class=\"progress-bar orange stripes\"><span style=\"width: calc(56.364% - 12px)\">Till T\u00f6lpel <\/span><\/div>\n<div class=\"endVote\">5.64<\/div>\n<\/div>\n<\/div>\n<p>&nbsp;<\/p>\n<h4>FINALE<\/h4>\n<div class=\"showVotings\">\n<div class=\"showImage\"><img decoding=\"async\" style=\"width: 125px; height: 125px;\" src=\"http:\/\/jwz-slam.de\/live\/view\/images\/poets\/1InkeSommerlang.png\" \/><\/div>\n<div class=\"showResult\">\n<div class=\"progress-bar purple stripes\"><span style=\"width: calc(90.625% - 12px)\"class=\"white\">Inke Sommerlang <\/span><\/div>\n<div class=\"endVote\">9.06<\/div>\n<div class=\"quali2\">Sieger<\/div>\n<\/div>\n<\/div>\n<div class=\"showVotings\">\n<div class=\"showImage\"><img decoding=\"async\" style=\"width: 125px; height: 125px;\" src=\"http:\/\/jwz-slam.de\/live\/view\/images\/poets\/2DiegoHagen.png\" \/><\/div>\n<div class=\"showResult\">\n<div class=\"progress-bar blue stripes\"><span style=\"width: calc(86.563% - 12px)\"class=\"white\">Diego Hagen <\/span><\/div>\n<div class=\"endVote\">8.67<\/div>\n<\/div>\n<\/div>\n<div class=\"showVotings\">\n<div class=\"showImage\"><img decoding=\"async\" style=\"width: 125px; height: 125px;\" src=\"http:\/\/jwz-slam.de\/live\/view\/images\/poets\/3JustonBusse.png\" \/><\/div>\n<div class=\"showResult\">\n<div class=\"progress-bar blue stripes\"><span style=\"width: calc(84.839% - 12px)\"class=\"white\">Juston Bu\u00dfe <\/span><\/div>\n<div class=\"endVote\">8.48<\/div>\n<\/div>\n<\/div>\n<div class=\"showVotings\">\n<div class=\"showImage\"><img decoding=\"async\" style=\"width: 125px; height: 125px;\" src=\"http:\/\/jwz-slam.de\/live\/view\/images\/poets\/5Wortwin%20undSlamson.png\" \/><\/div>\n<div class=\"showResult\">\n<div class=\"progress-bar blue stripes\"><span style=\"width: calc(84.688% - 12px)\"class=\"white\">Wortwin &#038; Slamson <\/span><\/div>\n<div class=\"endVote\">8.47<\/div>\n<\/div>\n<\/div>\n","protected":false},"excerpt":{"rendered":"<p>Ausgabe 8 \u2013 3. Juli 2018 Open Air Ausgabe im Sommergarten \u2022 Wei\u00dfer Hirsch \u2022 72 Zuschauer \u2022 Moderator: Lucas Schemenz Zu den Ergebnissen anderer Shows Gruppe A Inke Sommerlang 8.47 qualifiziert f\u00fcrs Finale Diego Hagen 7.97 qualifiziert f\u00fcrs Finale Juston Bu\u00dfe 6.59 qualifiziert f\u00fcrs Finale &nbsp; Gruppe B Wortwin &#038; Slamson 9.33 qualifiziert f\u00fcrs [&hellip;]<\/p>\n","protected":false},"author":2,"featured_media":0,"parent":0,"menu_order":0,"comment_status":"closed","ping_status":"closed","template":"","meta":{"_et_pb_use_builder":"","_et_pb_old_content":"","_et_gb_content_width":""},"_links":{"self":[{"href":"https:\/\/jwz-slam.de\/wordpress\/wp-json\/wp\/v2\/pages\/551"}],"collection":[{"href":"https:\/\/jwz-slam.de\/wordpress\/wp-json\/wp\/v2\/pages"}],"about":[{"href":"https:\/\/jwz-slam.de\/wordpress\/wp-json\/wp\/v2\/types\/page"}],"author":[{"embeddable":true,"href":"https:\/\/jwz-slam.de\/wordpress\/wp-json\/wp\/v2\/users\/2"}],"replies":[{"embeddable":true,"href":"https:\/\/jwz-slam.de\/wordpress\/wp-json\/wp\/v2\/comments?post=551"}],"version-history":[{"count":1,"href":"https:\/\/jwz-slam.de\/wordpress\/wp-json\/wp\/v2\/pages\/551\/revisions"}],"predecessor-version":[{"id":552,"href":"https:\/\/jwz-slam.de\/wordpress\/wp-json\/wp\/v2\/pages\/551\/revisions\/552"}],"wp:attachment":[{"href":"https:\/\/jwz-slam.de\/wordpress\/wp-json\/wp\/v2\/media?parent=551"}],"curies":[{"name":"wp","href":"https:\/\/api.w.org\/{rel}","templated":true}]}}