{"id":417,"date":"2017-12-20T11:25:31","date_gmt":"2017-12-20T10:25:31","guid":{"rendered":"http:\/\/jwz-slam.de\/wordpress\/?page_id=417"},"modified":"2018-02-11T17:22:51","modified_gmt":"2018-02-11T16:22:51","slug":"ausgabe-4-10-november-2017","status":"publish","type":"page","link":"https:\/\/jwz-slam.de\/wordpress\/ausgabe-4-10-november-2017\/","title":{"rendered":"Ausgabe 4 \u2013 10. November 2017"},"content":{"rendered":"<h6>Ausgabe 4 \u2013 10. November 2017<br \/>\nStille Wasser ziehen sich an! \u2022 Wei\u00dfer Hirsch \u2022 109 Zuschauer \u2022 Moderatoren: Fabian Lindemann &#038; Lucas Schemenz <\/p>\n<h6>\n<a href=\"https:\/\/jwz-slam.de\/wordpress\/die-shows-in-der-uebersicht\/\">Zu den Ergebnissen anderer Shows<\/a><\/p>\n<hr \/>\n<h4>Gruppe A<\/h4>\n<div class=\"showVotings\">\n<div class=\"showImage\"><img decoding=\"async\" style=\"width: 125px; height: 125px;\" src=\"http:\/\/jwz-slam.de\/live\/view\/images\/poets\/erikLeichter.png\" \/><\/div>\n<div class=\"showResult\">\n<div class=\"progress-bar orange stripes\"><span style=\"width: calc(81.471% - 12px)\">Erik Leichter <\/span><\/div>\n<div class=\"endVote\">8.15<\/div>\n<div class=\"quali\">qualifiziert f\u00fcrs Finale<\/div>\n<\/div>\n<\/div>\n<div class=\"showVotings\">\n<div class=\"showImage\"><img decoding=\"async\" style=\"width: 125px; height: 125px;\" src=\"http:\/\/jwz-slam.de\/live\/view\/images\/poets\/yusufRieger.png\" \/><\/div>\n<div class=\"showResult\">\n<div class=\"progress-bar orange stripes\"><span style=\"width: calc(78.696% - 12px)\">Yusuf Rieger <\/span><\/div>\n<div class=\"endVote\">7.87<\/div>\n<div class=\"quali\">qualifiziert f\u00fcrs Finale<\/div>\n<\/div>\n<\/div>\n<div class=\"showVotings\">\n<div class=\"showImage\"><img decoding=\"async\" style=\"width: 125px; height: 125px;\" src=\"http:\/\/jwz-slam.de\/live\/view\/images\/poets\/alina.png\" \/><\/div>\n<div class=\"showResult\">\n<div class=\"progress-bar blue stripes\"><span style=\"width: calc(61.304% - 12px)\"class=\"white\">Alina Sprenger<\/span><\/div>\n<div class=\"endVote\">6.13<\/div>\n<\/div>\n<\/div>\n<p>&nbsp;<\/p>\n<h4>Gruppe B<\/h4>\n<div class=\"showVotings\">\n<div class=\"showImage\"><img decoding=\"async\" style=\"width: 125px; height: 125px;\" src=\"http:\/\/jwz-slam.de\/live\/view\/images\/poets\/danielHoth.png\" \/><\/div>\n<div class=\"showResult\">\n<div class=\"progress-bar orange stripes\"><span style=\"width: calc(90.149% - 12px)\">Daniel Hoth <\/span><\/div>\n<div class=\"endVote\">9.01<\/div>\n<div class=\"quali\">qualifiziert f\u00fcrs Finale<\/div>\n<\/div>\n<\/div>\n<div class=\"showVotings\">\n<div class=\"showImage\"><img decoding=\"async\" style=\"width: 125px; height: 125px;\" src=\"http:\/\/jwz-slam.de\/live\/view\/images\/poets\/diegoHagen.png\" \/><\/div>\n<div class=\"showResult\">\n<div class=\"progress-bar orange stripes\"><span style=\"width: calc(87.000% - 12px)\">Diego Hagen <\/span><\/div>\n<div class=\"endVote\">8.70<\/div>\n<div class=\"quali\">qualifiziert f\u00fcrs Finale<\/div>\n<\/div>\n<\/div>\n<div class=\"showVotings\">\n<div class=\"showImage\"><img decoding=\"async\" style=\"width: 125px; height: 125px;\" src=\"http:\/\/jwz-slam.de\/live\/view\/images\/poets\/aidinHalimi.png\" \/><\/div>\n<div class=\"showResult\">\n<div class=\"progress-bar blue stripes\"><span style=\"width: calc(80.299% - 12px)\"class=\"white\">Aidin Halimi <\/span><\/div>\n<div class=\"endVote\">8.03<\/div>\n<\/div>\n<\/div>\n<div class=\"showVotings\">\n<div class=\"showImage\"><img decoding=\"async\" style=\"width: 125px; height: 125px;\" src=\"http:\/\/jwz-slam.de\/live\/view\/images\/poets\/ungebunden.png\" \/><\/div>\n<div class=\"showResult\">\n<div class=\"progress-bar blue stripes\"><span style=\"width: calc(71.912% - 12px)\"class=\"white\">Ungebunden <\/span><\/div>\n<div class=\"endVote\">7.19<\/div>\n<\/div>\n<\/div>\n<p>&nbsp;<\/p>\n<h4>FINALE<\/h4>\n<div class=\"showVotings\">\n<div class=\"showImage\"><img decoding=\"async\" style=\"width: 125px; height: 125px;\" src=\"http:\/\/jwz-slam.de\/live\/view\/images\/poets\/diegoHagen.png\" \/><\/div>\n<div class=\"showResult\">\n<div class=\"progress-bar purple stripes\"><span style=\"width: calc(90.448% - 12px)\"class=\"white\">Diego Hagen <\/span><\/div>\n<div class=\"endVote\">9.04<\/div>\n<div class=\"quali2\">Sieger<\/div>\n<div class=\"quali3\">Top Score<\/div>\n<\/div>\n<\/div>\n<div class=\"showVotings\">\n<div class=\"showImage\"><img decoding=\"async\" style=\"width: 125px; height: 125px;\" src=\"http:\/\/jwz-slam.de\/live\/view\/images\/poets\/erikLeichter.png\" \/><\/div>\n<div class=\"showResult\">\n<div class=\"progress-bar blue stripes\"><span style=\"width: calc(77.941% - 12px)\"class=\"white\">Erik Leichter <\/span><\/div>\n<div class=\"endVote\">7.79<\/div>\n<\/div>\n<\/div>\n<div class=\"showVotings\">\n<div class=\"showImage\"><img decoding=\"async\" style=\"width: 125px; height: 125px;\" src=\"http:\/\/jwz-slam.de\/live\/view\/images\/poets\/yusufRieger.png\" \/><\/div>\n<div class=\"showResult\">\n<div class=\"progress-bar blue stripes\"><span style=\"width: calc(77.576% - 12px)\"class=\"white\">Yusuf Rieger<\/span><\/div>\n<div class=\"endVote\">7.76<\/div>\n<\/div>\n<\/div>\n<div class=\"showVotings\">\n<div class=\"showImage\"><img decoding=\"async\" style=\"width: 125px; height: 125px;\" src=\"http:\/\/jwz-slam.de\/live\/view\/images\/poets\/danielHoth.png\" \/><\/div>\n<div class=\"showResult\">\n<div class=\"progress-bar blue stripes\"><span style=\"width: calc(74.179% - 12px)\"class=\"white\">Daniel Hoth <\/span><\/div>\n<div class=\"endVote\">7.41<\/div>\n<\/div>\n<\/div>\n","protected":false},"excerpt":{"rendered":"<p>Ausgabe 4 \u2013 10. November 2017 Stille Wasser ziehen sich an! \u2022 Wei\u00dfer Hirsch \u2022 109 Zuschauer \u2022 Moderatoren: Fabian Lindemann &#038; Lucas Schemenz Zu den Ergebnissen anderer Shows Gruppe A Erik Leichter 8.15 qualifiziert f\u00fcrs Finale Yusuf Rieger 7.87 qualifiziert f\u00fcrs Finale Alina Sprenger 6.13 &nbsp; Gruppe B Daniel Hoth 9.01 qualifiziert f\u00fcrs Finale [&hellip;]<\/p>\n","protected":false},"author":2,"featured_media":0,"parent":0,"menu_order":0,"comment_status":"closed","ping_status":"closed","template":"","meta":{"_et_pb_use_builder":"","_et_pb_old_content":"","_et_gb_content_width":""},"_links":{"self":[{"href":"https:\/\/jwz-slam.de\/wordpress\/wp-json\/wp\/v2\/pages\/417"}],"collection":[{"href":"https:\/\/jwz-slam.de\/wordpress\/wp-json\/wp\/v2\/pages"}],"about":[{"href":"https:\/\/jwz-slam.de\/wordpress\/wp-json\/wp\/v2\/types\/page"}],"author":[{"embeddable":true,"href":"https:\/\/jwz-slam.de\/wordpress\/wp-json\/wp\/v2\/users\/2"}],"replies":[{"embeddable":true,"href":"https:\/\/jwz-slam.de\/wordpress\/wp-json\/wp\/v2\/comments?post=417"}],"version-history":[{"count":16,"href":"https:\/\/jwz-slam.de\/wordpress\/wp-json\/wp\/v2\/pages\/417\/revisions"}],"predecessor-version":[{"id":511,"href":"https:\/\/jwz-slam.de\/wordpress\/wp-json\/wp\/v2\/pages\/417\/revisions\/511"}],"wp:attachment":[{"href":"https:\/\/jwz-slam.de\/wordpress\/wp-json\/wp\/v2\/media?parent=417"}],"curies":[{"name":"wp","href":"https:\/\/api.w.org\/{rel}","templated":true}]}}