{"id":342,"date":"2017-06-04T12:19:09","date_gmt":"2017-06-04T10:19:09","guid":{"rendered":"http:\/\/jwz-slam.de\/wordpress\/?page_id=342"},"modified":"2017-07-10T21:27:34","modified_gmt":"2017-07-10T19:27:34","slug":"ausgabe-2","status":"publish","type":"page","link":"https:\/\/jwz-slam.de\/wordpress\/ausgabe-2\/","title":{"rendered":"Ausgabe 2 &#8211; 19. Mai 2017"},"content":{"rendered":"<p>Prim ist Prima! \u2022 Wei\u00dfer Hirsch \u2022 90 Zuschauer \u2022 Moderatoren: Fabian Lindemann &#038; Lucas Schemenz<br \/>\n<a href=\"https:\/\/jwz-slam.de\/wordpress\/die-shows-in-der-uebersicht\/\">Zu den Ergebnissen anderer Shows<\/a><\/p>\n<hr \/>\n<h4>Gruppe A<\/h4>\n<div class=\"showVotings\">\n<div class=\"showImage\"><img decoding=\"async\" style=\"width: 125px; height: 125px;\" src=\"http:\/\/jwz-slam.de\/live\/view\/images\/poets\/nick.png\" \/><\/div>\n<div class=\"showResult\">\n<div class=\"progress-bar orange stripes\"><span style=\"width: calc(85.946% - 12px)\">Nick P\u00f6tter <\/span><\/div>\n<div class=\"endVote\">8.59<\/div>\n<div class=\"quali\">qualifiziert f\u00fcrs Finale<\/div>\n<\/div>\n<\/div>\n<div class=\"showVotings\">\n<div class=\"showImage\"><img decoding=\"async\" style=\"width: 125px; height: 125px;\" src=\"http:\/\/jwz-slam.de\/live\/view\/images\/poets\/karl.png\" \/><\/div>\n<div class=\"showResult\">\n<div class=\"progress-bar orange stripes\"><span style=\"width: calc(67.647% - 12px)\">Karl Philipp L\u00f6ffel <\/span><\/div>\n<div class=\"endVote\">6.76<\/div>\n<div class=\"quali\">qualifiziert f\u00fcrs Finale<\/div>\n<\/div>\n<\/div>\n<div class=\"showVotings\">\n<div class=\"showImage\"><img decoding=\"async\" style=\"width: 125px; height: 125px;\" src=\"http:\/\/jwz-slam.de\/live\/view\/images\/poets\/elisa.png\" \/><\/div>\n<div class=\"showResult\">\n<div class=\"progress-bar blue stripes\"><span style=\"width: calc(65.313% - 12px)\"class=\"white\">Elisa <\/span><\/div>\n<div class=\"endVote\">6.53<\/div>\n<\/div>\n<\/div>\n<div class=\"showVotings\">\n<div class=\"showImage\"><img decoding=\"async\" style=\"width: 125px; height: 125px;\" src=\"http:\/\/jwz-slam.de\/live\/view\/images\/poets\/till.png\" \/><\/div>\n<div class=\"showResult\">\n<div class=\"progress-bar blue stripes\"><span style=\"width: calc(58.750% - 12px)\"class=\"white\">Till T\u00f6lpel <\/span><\/div>\n<div class=\"endVote\">5.88<\/div>\n<\/div>\n<\/div>\n<p>&nbsp;<\/p>\n<h4>Gruppe B<\/h4>\n<div class=\"showVotings\">\n<div class=\"showImage\"><img decoding=\"async\" style=\"width: 125px; height: 125px;\" src=\"http:\/\/jwz-slam.de\/live\/view\/images\/poets\/samson.png\" \/><\/div>\n<div class=\"showResult\">\n<div class=\"progress-bar orange stripes\"><span style=\"width: calc(96.000% - 12px)\">Samson <\/span><\/div>\n<div class=\"endVote\">9.60<\/div>\n<div class=\"quali\">qualifiziert f\u00fcrs Finale<\/div>\n<div class=\"quali3\">Top Score<\/div>\n<\/div>\n<\/div>\n<div class=\"showVotings\">\n<div class=\"showImage\"><img decoding=\"async\" style=\"width: 125px; height: 125px;\" src=\"http:\/\/jwz-slam.de\/live\/view\/images\/poets\/ortwin.png\" \/><\/div>\n<div class=\"showResult\">\n<div class=\"progress-bar orange stripes\"><span style=\"width: calc(88.718% - 12px)\">Ortwin Bader-Iskraut <\/span><\/div>\n<div class=\"endVote\">8.87<\/div>\n<div class=\"quali\">qualifiziert f\u00fcrs Finale<\/div>\n<\/div>\n<\/div>\n<div class=\"showVotings\">\n<div class=\"showImage\"><img decoding=\"async\" style=\"width: 125px; height: 125px;\" src=\"http:\/\/jwz-slam.de\/live\/view\/images\/poets\/davidKoch.png\" \/><\/div>\n<div class=\"showResult\">\n<div class=\"progress-bar blue stripes\"><span style=\"width: calc(61.842% - 12px)\"class=\"white\">David Koch <\/span><\/div>\n<div class=\"endVote\">6.18<\/div>\n<\/div>\n<\/div>\n<div class=\"showVotings\">\n<div class=\"showImage\"><img decoding=\"async\" style=\"width: 125px; height: 125px;\" src=\"http:\/\/jwz-slam.de\/live\/view\/images\/poets\/sammy.png\" \/><\/div>\n<div class=\"showResult\">\n<div class=\"progress-bar blue stripes\"><span style=\"width: calc(53.056% - 12px)\"class=\"white\">Sammy Scheffler <\/span><\/div>\n<div class=\"endVote\">5.31<\/div>\n<\/div>\n<\/div>\n<p>&nbsp;<\/p>\n<h4>FINALE<\/h4>\n<div class=\"showVotings\">\n<div class=\"showImage\"><img decoding=\"async\" style=\"width: 125px; height: 125px;\" src=\"http:\/\/jwz-slam.de\/live\/view\/images\/poets\/nick.png\" \/><\/div>\n<div class=\"showResult\">\n<div class=\"progress-bar purple stripes\"><span style=\"width: calc(93.548% - 12px)\"class=\"white\">Nick P\u00f6tter <\/span><\/div>\n<div class=\"endVote\">9.35<\/div>\n<div class=\"quali2\">Sieger<\/div>\n<\/div>\n<\/div>\n<div class=\"showVotings\">\n<div class=\"showImage\"><img decoding=\"async\" style=\"width: 125px; height: 125px;\" src=\"http:\/\/jwz-slam.de\/live\/view\/images\/poets\/ortwin.png\" \/><\/div>\n<div class=\"showResult\">\n<div class=\"progress-bar blue stripes\"><span style=\"width: calc(90.323% - 12px)\"class=\"white\">Ortwin Bader-Iskraut <\/span><\/div>\n<div class=\"endVote\">9.03<\/div>\n<\/div>\n<\/div>\n<div class=\"showVotings\">\n<div class=\"showImage\"><img decoding=\"async\" style=\"width: 125px; height: 125px;\" src=\"http:\/\/jwz-slam.de\/live\/view\/images\/poets\/samson.png\" \/><\/div>\n<div class=\"showResult\">\n<div class=\"progress-bar blue stripes\"><span style=\"width: calc(89.677% - 12px)\"class=\"white\">Samson <\/span><\/div>\n<div class=\"endVote\">8.97<\/div>\n<\/div>\n<\/div>\n<div class=\"showVotings\">\n<div class=\"showImage\"><img decoding=\"async\" style=\"width: 125px; height: 125px;\" src=\"http:\/\/jwz-slam.de\/live\/view\/images\/poets\/karl.png\" \/><\/div>\n<div class=\"showResult\">\n<div class=\"progress-bar blue stripes\"><span style=\"width: calc(75.333% - 12px)\"class=\"white\">Karl Philipp L\u00f6ffel <\/span><\/div>\n<div class=\"endVote\">7.53<\/div>\n<\/div>\n<\/div>\n","protected":false},"excerpt":{"rendered":"<p>Prim ist Prima! \u2022 Wei\u00dfer Hirsch \u2022 90 Zuschauer \u2022 Moderatoren: Fabian Lindemann &#038; Lucas Schemenz Zu den Ergebnissen anderer Shows Gruppe A Nick P\u00f6tter 8.59 qualifiziert f\u00fcrs Finale Karl Philipp L\u00f6ffel 6.76 qualifiziert f\u00fcrs Finale Elisa 6.53 Till T\u00f6lpel 5.88 &nbsp; Gruppe B Samson 9.60 qualifiziert f\u00fcrs Finale Top Score Ortwin Bader-Iskraut 8.87 qualifiziert [&hellip;]<\/p>\n","protected":false},"author":2,"featured_media":0,"parent":0,"menu_order":0,"comment_status":"closed","ping_status":"closed","template":"","meta":{"_et_pb_use_builder":"","_et_pb_old_content":"","_et_gb_content_width":""},"_links":{"self":[{"href":"https:\/\/jwz-slam.de\/wordpress\/wp-json\/wp\/v2\/pages\/342"}],"collection":[{"href":"https:\/\/jwz-slam.de\/wordpress\/wp-json\/wp\/v2\/pages"}],"about":[{"href":"https:\/\/jwz-slam.de\/wordpress\/wp-json\/wp\/v2\/types\/page"}],"author":[{"embeddable":true,"href":"https:\/\/jwz-slam.de\/wordpress\/wp-json\/wp\/v2\/users\/2"}],"replies":[{"embeddable":true,"href":"https:\/\/jwz-slam.de\/wordpress\/wp-json\/wp\/v2\/comments?post=342"}],"version-history":[{"count":15,"href":"https:\/\/jwz-slam.de\/wordpress\/wp-json\/wp\/v2\/pages\/342\/revisions"}],"predecessor-version":[{"id":399,"href":"https:\/\/jwz-slam.de\/wordpress\/wp-json\/wp\/v2\/pages\/342\/revisions\/399"}],"wp:attachment":[{"href":"https:\/\/jwz-slam.de\/wordpress\/wp-json\/wp\/v2\/media?parent=342"}],"curies":[{"name":"wp","href":"https:\/\/api.w.org\/{rel}","templated":true}]}}