{"id":339,"date":"2017-06-04T12:07:43","date_gmt":"2017-06-04T10:07:43","guid":{"rendered":"http:\/\/jwz-slam.de\/wordpress\/?page_id=339"},"modified":"2017-07-10T21:27:41","modified_gmt":"2017-07-10T19:27:41","slug":"ausgabe-1","status":"publish","type":"page","link":"https:\/\/jwz-slam.de\/wordpress\/ausgabe-1\/","title":{"rendered":"Ausgabe 1 \u2013 24. Februar 2017"},"content":{"rendered":"<p>We make poets great again! \u2022 Wei\u00dfer Hirsch \u2022 72 Zuschauer \u2022 Moderatoren: Fabian Lindemann &#038; Lucas Schemenz<br \/>\n<a href=\"https:\/\/jwz-slam.de\/wordpress\/die-shows-in-der-uebersicht\/\">Zu den Ergebnissen anderer Shows<\/a><\/p>\n<hr \/>\n<h4>Gruppe A<\/h4>\n<div class=\"showVotings\">\n<div class=\"showImage\"><img decoding=\"async\" style=\"width: 125px; height: 125px;\" src=\"http:\/\/jwz-slam.de\/live\/view\/images\/poets\/maxGebhard.png\" \/><\/div>\n<div class=\"showResult\">\n<div class=\"progress-bar orange stripes\"><span style=\"width: calc(90.476% - 12px)\">Max Gebhard <\/span><\/div>\n<div class=\"endVote\">9.05<\/div>\n<div class=\"quali\">qualifiziert f\u00fcrs Finale<\/div>\n<\/div>\n<\/div>\n<div class=\"showVotings\">\n<div class=\"showImage\"><img decoding=\"async\" style=\"width: 125px; height: 125px;\" src=\"http:\/\/jwz-slam.de\/live\/view\/images\/poets\/marvinWeinstein.png\" \/><\/div>\n<div class=\"showResult\">\n<div class=\"progress-bar orange stripes\"><span style=\"width: calc(88.636% - 12px)\">Marvin Weinstein <\/span><\/div>\n<div class=\"endVote\">8.86<\/div>\n<div class=\"quali\">qualifiziert f\u00fcrs Finale<\/div>\n<\/div>\n<\/div>\n<div class=\"showVotings\">\n<div class=\"showImage\"><img decoding=\"async\" style=\"width: 125px; height: 125px;\" src=\"http:\/\/jwz-slam.de\/live\/view\/images\/poets\/thorstenBecker.png\" \/><\/div>\n<div class=\"showResult\">\n<div class=\"progress-bar blue stripes\"><span style=\"width: calc(80.476% - 12px)\"class=\"white\">Thorsten Becker <\/span><\/div>\n<div class=\"endVote\">8.05<\/div>\n<\/div>\n<\/div>\n<div class=\"showVotings\">\n<div class=\"showImage\"><img decoding=\"async\" style=\"width: 125px; height: 125px;\" src=\"http:\/\/jwz-slam.de\/live\/view\/images\/poets\/romyLessel.png\" \/><\/div>\n<div class=\"showResult\">\n<div class=\"progress-bar blue stripes\"><span style=\"width: calc(63.333% - 12px)\"class=\"white\">Romy Lessel <\/span><\/div>\n<div class=\"endVote\">6.33<\/div>\n<\/div>\n<\/div>\n<p>&nbsp;<\/p>\n<h4>Gruppe B<\/h4>\n<div class=\"showVotings\">\n<div class=\"showImage\"><img decoding=\"async\" style=\"width: 125px; height: 125px;\" src=\"http:\/\/jwz-slam.de\/live\/view\/images\/poets\/aidinHalimi.png\" \/><\/div>\n<div class=\"showResult\">\n<div class=\"progress-bar orange stripes\"><span style=\"width: calc(93.182% - 12px)\">Aidin Halimi<\/span><\/div>\n<div class=\"endVote\">9.32<\/div>\n<div class=\"quali\">qualifiziert f\u00fcrs Finale<\/div>\n<div class=\"quali3\">Top Score<\/div>\n<\/div>\n<\/div>\n<div class=\"showVotings\">\n<div class=\"showImage\"><img decoding=\"async\" style=\"width: 125px; height: 125px;\" src=\"http:\/\/jwz-slam.de\/live\/view\/images\/poets\/davidKoch.png\" \/><\/div>\n<div class=\"showResult\">\n<div class=\"progress-bar orange stripes\"><span style=\"width: calc(81.364% - 12px)\">David Koch <\/span><\/div>\n<div class=\"endVote\">8.14<\/div>\n<div class=\"quali\">qualifiziert f\u00fcrs Finale<\/div>\n<\/div>\n<\/div>\n<div class=\"showVotings\">\n<div class=\"showImage\"><img decoding=\"async\" style=\"width: 125px; height: 125px;\" src=\"http:\/\/jwz-slam.de\/live\/view\/images\/poets\/lunaSky.png\" \/><\/div>\n<div class=\"showResult\">\n<div class=\"progress-bar blue stripes\"><span style=\"width: calc(72.609% - 12px)\"class=\"white\">Luna <\/span><\/div>\n<div class=\"endVote\">7.26<\/div>\n<\/div>\n<\/div>\n<div class=\"showVotings\">\n<div class=\"showImage\"><img decoding=\"async\" style=\"width: 125px; height: 125px;\" src=\"http:\/\/jwz-slam.de\/live\/view\/images\/poets\/moritzSchetter.png\" \/><\/div>\n<div class=\"showResult\">\n<div class=\"progress-bar blue stripes\"><span style=\"width: calc(63.043% - 12px)\"class=\"white\">Moritz Schetter <\/span><\/div>\n<div class=\"endVote\">6.30<\/div>\n<\/div>\n<\/div>\n<p>&nbsp;<\/p>\n<h4>FINALE<\/h4>\n<div class=\"showVotings\">\n<div class=\"showImage\"><img decoding=\"async\" style=\"width: 125px; height: 125px;\" src=\"http:\/\/jwz-slam.de\/live\/view\/images\/poets\/marvinWeinstein.png\" \/><\/div>\n<div class=\"showResult\">\n<div class=\"progress-bar purple stripes\"><span style=\"width: calc(89.524% - 12px)\"class=\"white\">Marvin Weinstein <\/span><\/div>\n<div class=\"endVote\">8.95<\/div>\n<div class=\"quali2\">Sieger<\/div>\n<\/div>\n<\/div>\n<div class=\"showVotings\">\n<div class=\"showImage\"><img decoding=\"async\" style=\"width: 125px; height: 125px;\" src=\"http:\/\/jwz-slam.de\/live\/view\/images\/poets\/maxGebhard.png\" \/><\/div>\n<div class=\"showResult\">\n<div class=\"progress-bar blue stripes\"><span style=\"width: calc(87.143% - 12px)\"class=\"white\">Max Gebhard <\/span><\/div>\n<div class=\"endVote\">8.71<\/div>\n<\/div>\n<\/div>\n<div class=\"showVotings\">\n<div class=\"showImage\"><img decoding=\"async\" style=\"width: 125px; height: 125px;\" src=\"http:\/\/jwz-slam.de\/live\/view\/images\/poets\/davidKoch.png\" \/><\/div>\n<div class=\"showResult\">\n<div class=\"progress-bar blue stripes\"><span style=\"width: calc(83.000% - 12px)\"class=\"white\">David Koch <\/span><\/div>\n<div class=\"endVote\">8.30<\/div>\n<\/div>\n<\/div>\n<div class=\"showVotings\">\n<div class=\"showImage\"><img decoding=\"async\" style=\"width: 125px; height: 125px;\" src=\"http:\/\/jwz-slam.de\/live\/view\/images\/poets\/aidinHalimi.png\" \/><\/div>\n<div class=\"showResult\">\n<div class=\"progress-bar blue stripes\"><span style=\"width: calc(68.095% - 12px)\"class=\"white\">Aidin Halimi <\/span><\/div>\n<div class=\"endVote\">6.81<\/div>\n<\/div>\n<\/div>\n","protected":false},"excerpt":{"rendered":"<p>We make poets great again! \u2022 Wei\u00dfer Hirsch \u2022 72 Zuschauer \u2022 Moderatoren: Fabian Lindemann &#038; Lucas Schemenz Zu den Ergebnissen anderer Shows Gruppe A Max Gebhard 9.05 qualifiziert f\u00fcrs Finale Marvin Weinstein 8.86 qualifiziert f\u00fcrs Finale Thorsten Becker 8.05 Romy Lessel 6.33 &nbsp; Gruppe B Aidin Halimi 9.32 qualifiziert f\u00fcrs Finale Top Score David [&hellip;]<\/p>\n","protected":false},"author":2,"featured_media":0,"parent":0,"menu_order":0,"comment_status":"closed","ping_status":"closed","template":"","meta":{"_et_pb_use_builder":"","_et_pb_old_content":"","_et_gb_content_width":""},"_links":{"self":[{"href":"https:\/\/jwz-slam.de\/wordpress\/wp-json\/wp\/v2\/pages\/339"}],"collection":[{"href":"https:\/\/jwz-slam.de\/wordpress\/wp-json\/wp\/v2\/pages"}],"about":[{"href":"https:\/\/jwz-slam.de\/wordpress\/wp-json\/wp\/v2\/types\/page"}],"author":[{"embeddable":true,"href":"https:\/\/jwz-slam.de\/wordpress\/wp-json\/wp\/v2\/users\/2"}],"replies":[{"embeddable":true,"href":"https:\/\/jwz-slam.de\/wordpress\/wp-json\/wp\/v2\/comments?post=339"}],"version-history":[{"count":6,"href":"https:\/\/jwz-slam.de\/wordpress\/wp-json\/wp\/v2\/pages\/339\/revisions"}],"predecessor-version":[{"id":400,"href":"https:\/\/jwz-slam.de\/wordpress\/wp-json\/wp\/v2\/pages\/339\/revisions\/400"}],"wp:attachment":[{"href":"https:\/\/jwz-slam.de\/wordpress\/wp-json\/wp\/v2\/media?parent=339"}],"curies":[{"name":"wp","href":"https:\/\/api.w.org\/{rel}","templated":true}]}}